{"id":2021,"date":"2025-05-26T14:35:55","date_gmt":"2025-05-26T14:35:55","guid":{"rendered":"https:\/\/tty2000.site\/?page_id=2021"},"modified":"2025-08-19T13:07:38","modified_gmt":"2025-08-19T13:07:38","slug":"home","status":"publish","type":"page","link":"https:\/\/tty2000.site\/es\/","title":{"rendered":"Home"},"content":{"rendered":"\n<div class=\"wp-block-uagb-container uagb-block-eb258599 alignfull uagb-is-root-container\"><div class=\"uagb-container-inner-blocks-wrap\">\n<div class=\"wp-block-uagb-container uagb-block-68c1938e\">\n<div class=\"wp-block-uagb-advanced-heading uagb-block-dc596ad0\"><div class=\"uagb-separator\"><\/div><h6 class=\"uagb-heading-text\">Your Attractive Heading<\/h6><\/div>\n<\/div>\n\n\n\n<div class=\"wp-block-uagb-container uagb-block-34cf57b7\">\n<h2 class=\"wp-block-heading\">Conectando ideas, transformando sistemas<\/h2>\n<\/div>\n\n\n\n<div class=\"wp-block-uagb-container uagb-block-176a9750\">\n<div class=\"wp-block-uagb-icon-list uagb-block-8711dfc2\"><div class=\"uagb-icon-list__wrap\">\n<div class=\"wp-block-uagb-icon-list-child uagb-block-8bea064b\"><span class=\"uagb-icon-list__source-wrap\"><svg xmlns=\"https:\/\/www.w3.org\/2000\/svg\" viewBox=\"0 0 448 512\"><path d=\"M96 224C84.72 224 74.05 226.3 64 229.9V224c0-35.3 28.7-64 64-64c17.67 0 32-14.33 32-32S145.7 96 128 96C57.42 96 0 153.4 0 224v96c0 53.02 42.98 96 96 96s96-42.98 96-96S149 224 96 224zM352 224c-11.28 0-21.95 2.305-32 5.879V224c0-35.3 28.7-64 64-64c17.67 0 32-14.33 32-32s-14.33-32-32-32c-70.58 0-128 57.42-128 128v96c0 53.02 42.98 96 96 96s96-42.98 96-96S405 224 352 224z\"><\/path><\/svg><\/span><\/div>\n\n\n\n<div class=\"wp-block-uagb-icon-list-child uagb-block-2eb4ac84\"><span class=\"uagb-icon-list__source-wrap\"><svg xmlns=\"https:\/\/www.w3.org\/2000\/svg\" viewBox=\"0 0 448 512\"><path d=\"M96 224C84.72 224 74.05 226.3 64 229.9V224c0-35.3 28.7-64 64-64c17.67 0 32-14.33 32-32S145.7 96 128 96C57.42 96 0 153.4 0 224v96c0 53.02 42.98 96 96 96s96-42.98 96-96S149 224 96 224zM352 224c-11.28 0-21.95 2.305-32 5.879V224c0-35.3 28.7-64 64-64c17.67 0 32-14.33 32-32s-14.33-32-32-32c-70.58 0-128 57.42-128 128v96c0 53.02 42.98 96 96 96s96-42.98 96-96S405 224 352 224z\"><\/path><\/svg><\/span><\/div>\n\n\n\n<div class=\"wp-block-uagb-icon-list-child uagb-block-fcb5e577\"><span class=\"uagb-icon-list__source-wrap\"><svg xmlns=\"https:\/\/www.w3.org\/2000\/svg\" viewBox=\"0 0 448 512\"><path d=\"M96 224C84.72 224 74.05 226.3 64 229.9V224c0-35.3 28.7-64 64-64c17.67 0 32-14.33 32-32S145.7 96 128 96C57.42 96 0 153.4 0 224v96c0 53.02 42.98 96 96 96s96-42.98 96-96S149 224 96 224zM352 224c-11.28 0-21.95 2.305-32 5.879V224c0-35.3 28.7-64 64-64c17.67 0 32-14.33 32-32s-14.33-32-32-32c-70.58 0-128 57.42-128 128v96c0 53.02 42.98 96 96 96s96-42.98 96-96S405 224 352 224z\"><\/path><\/svg><\/span><\/div>\n<\/div><\/div>\n<\/div>\n<\/div><\/div>\n\n\n\n<div class=\"wp-block-uagb-container uagb-block-f1becc27 alignfull uagb-is-root-container\"><div class=\"uagb-container-inner-blocks-wrap\">\n<div class=\"wp-block-uagb-container uagb-block-fb00a1ea\"><\/div>\n\n\n\n<div class=\"wp-block-uagb-container uagb-block-67eb694d\">\n<div class=\"wp-block-uagb-info-box uagb-block-dcd989b1 uagb-infobox__content-wrap  uagb-infobox-icon-above-title uagb-infobox-image-valign-top\"><div class=\"uagb-ifb-content\"><div class=\"uagb-ifb-title-wrap\"><h3 class=\"uagb-ifb-title-prefix\">Migraci\u00f3n de sistemas<\/h3><h5 class=\"uagb-ifb-title\">Modernice su infraestructura con seguridad, eficiencia y continuidad operativa garantizada<\/h5><\/div><div class=\"uagb-ifb-separator\"><\/div><p class=\"uagb-ifb-desc\">Con planificaci\u00f3n, pruebas y soporte especializado, su empresa asegura una transici\u00f3n segura y eficiente, sin comprometer las operaciones.<\/p><\/div><\/div>\n<\/div>\n\n\n\n<div class=\"wp-block-uagb-container uagb-block-b6264681\">\n<div class=\"wp-block-uagb-info-box uagb-block-e29f5317 uagb-infobox__content-wrap  uagb-infobox-icon-above-title uagb-infobox-image-valign-top\"><div class=\"uagb-ifb-content\"><div class=\"uagb-ifb-title-wrap\"><h3 class=\"uagb-ifb-title-prefix\">IVA2000<\/h3><h5 class=\"uagb-ifb-title\">IVA2000: Agilidad y estandarizaci\u00f3n en la conversi\u00f3n de sistemas heredados<\/h5><\/div><div class=\"uagb-ifb-separator\"><\/div><p class=\"uagb-ifb-desc\">Sua empresa ganha agilidade e seguran\u00e7a na convers\u00e3o de sistemas antigos para COBOL padronizado, mantendo as funcionalidades originais e integrando com DB2, CICS e JCL.<\/p><\/div><\/div>\n<\/div>\n\n\n\n<div class=\"wp-block-uagb-container uagb-block-5c793090\">\n<div class=\"wp-block-uagb-info-box uagb-block-09a9edd4 uagb-infobox__content-wrap  uagb-infobox-icon-above-title uagb-infobox-image-valign-top\"><div class=\"uagb-ifb-content\"><div class=\"uagb-ifb-title-wrap\"><h3 class=\"uagb-ifb-title-prefix\">Mapeo de procesos<\/h3><h5 class=\"uagb-ifb-title\">El primer paso para optimizar su operaci\u00f3n<\/h5><\/div><div class=\"uagb-ifb-separator\"><\/div><p class=\"uagb-ifb-desc\">Visualice y comprenda cada etapa de sus procesos internos para identificar cuellos de botella, mejorar los flujos, aumentar la productividad y tomar decisiones m\u00e1s estrat\u00e9gicas.<\/p><\/div><\/div>\n<\/div>\n<\/div><\/div>\n\n\n\n<div class=\"wp-block-uagb-container uagb-block-40e6ea10 alignfull uagb-is-root-container\"><div class=\"uagb-container-inner-blocks-wrap\">\n<div class=\"wp-block-uagb-container uagb-block-41c8183d\">\n<div class=\"wp-block-uagb-container uagb-layout-grid uagb-block-c393edda\">\n<div class=\"wp-block-uagb-container uagb-block-a19a9e03\">\n<div class=\"wp-block-uagb-info-box uagb-block-e2aaf0e4 uagb-infobox__content-wrap  uagb-infobox-icon-above-title uagb-infobox-image-valign-top\"><div class=\"uagb-ifb-content\"><div class=\"uagb-ifb-title-wrap\"><h4 class=\"uagb-ifb-title\"><strong>C\u00f3mo Planificar una Migraci\u00f3n de Sistema con \u00c9xito<\/strong><\/h4><\/div><p class=\"uagb-ifb-desc\">La p\u00e9rdida de datos, las fallas operativas y la resistencia del equipo pueden comprometer todo el proyecto.<br>Vea c\u00f3mo prevenir estos riesgos con un proceso bien gestionado, con apoyo t\u00e9cnico y enfoque en los objetivos de su empresa. <a href=\"https:\/\/tty2000.site\/es\/migracao-de-sistema\/\" target=\"_blank\" rel=\"noopener\" title=\"\u00a1Descubra m\u00e1s!\">\u00a1Descubra m\u00e1s!<\/a><\/p><\/div><\/div>\n<\/div>\n\n\n\n<figure class=\"wp-block-image size-large\"><img loading=\"lazy\" decoding=\"async\" width=\"819\" height=\"1024\" src=\"https:\/\/tty2000.site\/wp-content\/uploads\/2025\/05\/migracao-de-sistemas-819x1024.png\" alt=\"\" class=\"wp-image-1807\" srcset=\"https:\/\/tty2000.site\/wp-content\/uploads\/2025\/05\/migracao-de-sistemas-819x1024.png 819w, https:\/\/tty2000.site\/wp-content\/uploads\/2025\/05\/migracao-de-sistemas-240x300.png 240w, https:\/\/tty2000.site\/wp-content\/uploads\/2025\/05\/migracao-de-sistemas-768x960.png 768w, https:\/\/tty2000.site\/wp-content\/uploads\/2025\/05\/migracao-de-sistemas.png 1080w\" sizes=\"auto, (max-width: 819px) 100vw, 819px\" \/><\/figure>\n<\/div>\n\n\n\n<div class=\"wp-block-uagb-container uagb-layout-flex uagb-block-c5ac057e\">\n<div class=\"wp-block-uagb-image uagb-block-873c94a4 wp-block-uagb-image--layout-default wp-block-uagb-image--effect-static wp-block-uagb-image--align-none\"><figure class=\"wp-block-uagb-image__figure\"><img decoding=\"async\" srcset=\"https:\/\/tty2000.site\/wp-content\/uploads\/2025\/05\/mapeamento-de-processos-819x1024.png ,https:\/\/tty2000.site\/wp-content\/uploads\/2025\/05\/mapeamento-de-processos.png 780w, https:\/\/tty2000.site\/wp-content\/uploads\/2025\/05\/mapeamento-de-processos.png 360w\" sizes=\"auto, (max-width: 480px) 150px\" src=\"https:\/\/tty2000.site\/wp-content\/uploads\/2025\/05\/mapeamento-de-processos-819x1024.png\" alt=\"\" class=\"uag-image-1810\" width=\"300\" height=\"300\" title=\"mapeamento de processos\" loading=\"lazy\" role=\"img\"\/><\/figure><\/div>\n\n\n\n<div class=\"wp-block-uagb-container uagb-block-128f17ef\">\n<div class=\"wp-block-uagb-info-box uagb-block-6506ca71 uagb-infobox__content-wrap  uagb-infobox-icon-above-title uagb-infobox-image-valign-top\"><div class=\"uagb-ifb-content\"><div class=\"uagb-ifb-title-wrap\"><h4 class=\"uagb-ifb-title\"><strong>C\u00f3mo el Mapeo de Procesos Puede Reducir Costos y Aumentar la Eficiencia<\/strong><\/h4><\/div><p class=\"uagb-ifb-desc\">El mapeo de procesos es una herramienta estrat\u00e9gica que permite identificar cuellos de botella, eliminar tareas redundantes, estandarizar operaciones e implementar automatizaciones. Con ello, las empresas reducen costos, aumentan la productividad, comprometen a los equipos y ganan agilidad para responder al mercado con innovaci\u00f3n y eficiencia. <a href=\"https:\/\/tty2000.site\/es\/mapeamento-de-processos\/\" title=\"\u00a1Descubra m\u00e1s!\">\u00a1Descubra m\u00e1s!<\/a><\/p><\/div><\/div>\n<\/div>\n<\/div>\n\n\n\n<div class=\"wp-block-uagb-container uagb-layout-grid uagb-block-6334e776\">\n<div class=\"wp-block-uagb-container uagb-block-7f50b689\">\n<div class=\"wp-block-uagb-info-box uagb-block-7b978b7c uagb-infobox__content-wrap  uagb-infobox-icon-above-title uagb-infobox-image-valign-top\"><div class=\"uagb-ifb-content\"><div class=\"uagb-ifb-title-wrap\"><h4 class=\"uagb-ifb-title\"><strong>Adopci\u00f3n de DevOps y DevSecOps para Optimizar los Ciclos de Desarrollo y Fortalecer la Seguridad<\/strong><\/h4><\/div><p class=\"uagb-ifb-desc\">La adopci\u00f3n de DevOps y DevSecOps acelera el desarrollo de software mediante entregas continuas, automatizaci\u00f3n y seguridad integrada desde el inicio del proceso. Estas pr\u00e1cticas fomentan la colaboraci\u00f3n entre equipos, reducen riesgos, aumentan la eficiencia y preparan a su empresa para innovar con confianza y cumplimiento. <a href=\"https:\/\/tty2000.site\/es\/devops-e-devsecops\/\" target=\"_blank\" rel=\"noopener\" title=\"\u00a1Descubra m\u00e1s!\">\u00a1Descubra m\u00e1s!<\/a><\/p><\/div><\/div>\n<\/div>\n\n\n\n<div class=\"wp-block-uagb-image uagb-block-3da7cde0 wp-block-uagb-image--layout-default wp-block-uagb-image--effect-static wp-block-uagb-image--align-none\"><figure class=\"wp-block-uagb-image__figure\"><img decoding=\"async\" srcset=\"https:\/\/tty2000.site\/wp-content\/uploads\/2025\/05\/devops-819x1024.png ,https:\/\/tty2000.site\/wp-content\/uploads\/2025\/05\/devops.png 780w, https:\/\/tty2000.site\/wp-content\/uploads\/2025\/05\/devops.png 360w\" sizes=\"auto, (max-width: 480px) 150px\" src=\"https:\/\/tty2000.site\/wp-content\/uploads\/2025\/05\/devops-819x1024.png\" alt=\"\" class=\"uag-image-1811\" width=\"320\" height=\"320\" title=\"devops\" loading=\"lazy\" role=\"img\"\/><\/figure><\/div>\n<\/div>\n\n\n\n<div class=\"wp-block-uagb-container uagb-layout-grid uagb-block-d049cc69\">\n<div class=\"wp-block-uagb-container uagb-block-11e60ece\">\n<div class=\"wp-block-uagb-info-box uagb-block-cb4b1b59 uagb-infobox__content-wrap  uagb-infobox-icon-above-title uagb-infobox-image-valign-top\"><div class=\"uagb-ifb-content\"><div class=\"uagb-ifb-title-wrap\"><h4 class=\"uagb-ifb-title\"><strong><strong><strong>Integraci\u00f3n de Inteligencia Artificial en Sistemas Legados: Desaf\u00edos y Oportunidades<\/strong><\/strong><\/strong><\/h4><\/div><p class=\"uagb-ifb-desc\">La integraci\u00f3n de Inteligencia Artificial (IA) en sistemas heredados representa una frontera estrat\u00e9gica para la modernizaci\u00f3n tecnol\u00f3gica en las empresas. Aunque los sistemas heredados a\u00fan desempe\u00f1an un papel central en muchos procesos corporativos, su arquitectura monol\u00edtica y su limitada capacidad de adaptaci\u00f3n dificultan la implementaci\u00f3n de soluciones inteligentes, predictivas y automatizadas. <a href=\"https:\/\/tty2000.site\/es\/sistemas-legados\/\" target=\"_blank\" rel=\"noopener\" title=\"\u00a1Descubra m\u00e1s!\">\u00a1Descubra m\u00e1s!<\/a><\/p><\/div><\/div>\n<\/div>\n\n\n\n<figure class=\"wp-block-image size-large\"><img loading=\"lazy\" decoding=\"async\" width=\"819\" height=\"1024\" src=\"https:\/\/tty2000.site\/wp-content\/uploads\/2025\/05\/migracao-de-sistemas-819x1024.png\" alt=\"\" class=\"wp-image-1807\" srcset=\"https:\/\/tty2000.site\/wp-content\/uploads\/2025\/05\/migracao-de-sistemas-819x1024.png 819w, https:\/\/tty2000.site\/wp-content\/uploads\/2025\/05\/migracao-de-sistemas-240x300.png 240w, https:\/\/tty2000.site\/wp-content\/uploads\/2025\/05\/migracao-de-sistemas-768x960.png 768w, https:\/\/tty2000.site\/wp-content\/uploads\/2025\/05\/migracao-de-sistemas.png 1080w\" sizes=\"auto, (max-width: 819px) 100vw, 819px\" \/><\/figure>\n<\/div>\n<\/div>\n<\/div><\/div>\n\n\n\n<div class=\"wp-block-uagb-container uagb-layout-grid uagb-block-bf8a2273 alignfull uagb-is-root-container\"><div class=\"uagb-container-inner-blocks-wrap\">\n<div class=\"wp-block-uagb-info-box uagb-block-d731edac uagb-infobox__content-wrap  uagb-infobox-icon-above-title uagb-infobox-image-valign-top wp-block-uagb-info-box--has-margin\"><div class=\"uagb-infobox-margin-wrapper\"><div class=\"uagb-ifb-content\"><div class=\"uagb-ifb-title-wrap\"><\/div><\/div><\/div><\/div>\n\n\n\n<h2 class=\"wp-block-heading\">Casos<\/h2>\n<\/div><\/div>\n\n\n\n<div class=\"wp-block-uagb-container uagb-layout-grid uagb-block-5f8be2e9 alignfull uagb-is-root-container\"><div class=\"uagb-container-inner-blocks-wrap\">\n<div class=\"wp-block-uagb-info-box uagb-block-bf6d627b uagb-infobox__content-wrap  uagb-infobox-icon-above-title uagb-infobox-image-valign-top wp-block-uagb-info-box--has-margin\"><div class=\"uagb-infobox-margin-wrapper\"><div class=\"uagb-ifb-content\"><div class=\"uagb-ifb-title-wrap\"><\/div><\/div><\/div><\/div>\n\n\n\n<div class=\"wp-block-uagb-advanced-heading uagb-block-7b059598\"><h5 class=\"uagb-heading-text\"><a href=\"https:\/\/www.tty2000.com.br\/Es\/Home\/Case1\" target=\"_blank\" rel=\"noopener\" title=\"Caso de \u00c9xito: Modernizaci\u00f3n automatizada de sistemas heredados en un banco de gran tama\u00f1o\">Caso: Modernizaci\u00f3n automatizada de sistemas heredados en un banco de gran tama\u00f1o<\/a><\/h5><\/div>\n<\/div><\/div>\n\n\n\n<div class=\"wp-block-uagb-container uagb-layout-grid uagb-block-0dc59e3b alignfull uagb-is-root-container\"><div class=\"uagb-container-inner-blocks-wrap\">\n<div class=\"wp-block-uagb-info-box uagb-block-34f590ac uagb-infobox__content-wrap  uagb-infobox-icon-above-title uagb-infobox-image-valign-top wp-block-uagb-info-box--has-margin\"><div class=\"uagb-infobox-margin-wrapper\"><div class=\"uagb-ifb-content\"><div class=\"uagb-ifb-title-wrap\"><\/div><\/div><\/div><\/div>\n\n\n\n<div class=\"wp-block-uagb-advanced-heading uagb-block-e53f344b\"><h5 class=\"uagb-heading-text\"><a href=\"https:\/\/www.tty2000.com.br\/Es\/Home\/Case2\" target=\"_blank\" rel=\"noopener\" title=\"Caso:\u00a0C\u00f3mo TTY realiz\u00f3 la actualizaci\u00f3n de m\u00e1s de 7.300 componentes del parque tecnol\u00f3gico de un gran banco\">Caso:\u00a0C\u00f3mo TTY realiz\u00f3 la actualizaci\u00f3n de m\u00e1s de 7.300 componentes del parque tecnol\u00f3gico de un gran banco<\/a><\/h5><\/div>\n<\/div><\/div>\n\n\n\n<div class=\"wp-block-uagb-container uagb-layout-grid uagb-block-80c6ca31 alignfull uagb-is-root-container\"><div class=\"uagb-container-inner-blocks-wrap\">\n<div class=\"wp-block-uagb-info-box uagb-block-e8470b7d uagb-infobox__content-wrap  uagb-infobox-icon-above-title uagb-infobox-image-valign-top wp-block-uagb-info-box--has-margin\"><div class=\"uagb-infobox-margin-wrapper\"><div class=\"uagb-ifb-content\"><div class=\"uagb-ifb-title-wrap\"><\/div><\/div><\/div><\/div>\n\n\n\n<div class=\"wp-block-uagb-advanced-heading uagb-block-8aa3c81c\"><h5 class=\"uagb-heading-text\"><a href=\"https:\/\/www.tty2000.com.br\/Es\/Home\/Case3\" target=\"_blank\" rel=\"noopener\" title=\"Caso:\u00a0C\u00f3mo TTY2000 realiz\u00f3 la migraci\u00f3n de los sistemas heredados de una gran aseguradora brasile\u00f1a del entorno IDMS a DB2, garantizando continuidad operativa.\">Caso:\u00a0C\u00f3mo TTY2000 realiz\u00f3 la migraci\u00f3n de los sistemas heredados de una gran aseguradora brasile\u00f1a del entorno IDMS a DB2, garantizando continuidad operativa.<\/a><\/h5><\/div>\n<\/div><\/div>\n\n\n\n<p><\/p>\n","protected":false},"excerpt":{"rendered":"<p>Your Attractive Heading Conectando ideas, transformando sistemas Casos Caso: Modernizaci\u00f3n automatizada de sistemas heredados en un banco de gran tama\u00f1o Caso:\u00a0C\u00f3mo TTY realiz\u00f3 la actualizaci\u00f3n de m\u00e1s de 7.300 componentes del parque tecnol\u00f3gico de un gran banco Caso:\u00a0C\u00f3mo TTY2000 realiz\u00f3 la migraci\u00f3n de los sistemas heredados de una gran aseguradora brasile\u00f1a del entorno IDMS a [&hellip;]<\/p>\n","protected":false},"author":1,"featured_media":1953,"parent":0,"menu_order":0,"comment_status":"closed","ping_status":"closed","template":"","meta":{"om_disable_all_campaigns":false,"_uag_custom_page_level_css":"","_monsterinsights_skip_tracking":false,"_monsterinsights_sitenote_active":false,"_monsterinsights_sitenote_note":"","_monsterinsights_sitenote_category":0,"site-sidebar-layout":"default","site-content-layout":"","ast-site-content-layout":"default","site-content-style":"default","site-sidebar-style":"default","ast-global-header-display":"","ast-banner-title-visibility":"","ast-main-header-display":"","ast-hfb-above-header-display":"","ast-hfb-below-header-display":"","ast-hfb-mobile-header-display":"","site-post-title":"disabled","ast-breadcrumbs-content":"","ast-featured-img":"","footer-sml-layout":"","ast-disable-related-posts":"","theme-transparent-header-meta":"enabled","adv-header-id-meta":"","stick-header-meta":"","header-above-stick-meta":"","header-main-stick-meta":"","header-below-stick-meta":"","astra-migrate-meta-layouts":"set","ast-page-background-enabled":"default","ast-page-background-meta":{"desktop":{"background-color":"var(--ast-global-color-4)","background-image":"","background-repeat":"repeat","background-position":"center center","background-size":"auto","background-attachment":"scroll","background-type":"","background-media":"","overlay-type":"","overlay-color":"","overlay-opacity":"","overlay-gradient":""},"tablet":{"background-color":"","background-image":"","background-repeat":"repeat","background-position":"center center","background-size":"auto","background-attachment":"scroll","background-type":"","background-media":"","overlay-type":"","overlay-color":"","overlay-opacity":"","overlay-gradient":""},"mobile":{"background-color":"","background-image":"","background-repeat":"repeat","background-position":"center center","background-size":"auto","background-attachment":"scroll","background-type":"","background-media":"","overlay-type":"","overlay-color":"","overlay-opacity":"","overlay-gradient":""}},"ast-content-background-meta":{"desktop":{"background-color":"var(--ast-global-color-5)","background-image":"","background-repeat":"repeat","background-position":"center center","background-size":"auto","background-attachment":"scroll","background-type":"","background-media":"","overlay-type":"","overlay-color":"","overlay-opacity":"","overlay-gradient":""},"tablet":{"background-color":"var(--ast-global-color-5)","background-image":"","background-repeat":"repeat","background-position":"center center","background-size":"auto","background-attachment":"scroll","background-type":"","background-media":"","overlay-type":"","overlay-color":"","overlay-opacity":"","overlay-gradient":""},"mobile":{"background-color":"var(--ast-global-color-5)","background-image":"","background-repeat":"repeat","background-position":"center center","background-size":"auto","background-attachment":"scroll","background-type":"","background-media":"","overlay-type":"","overlay-color":"","overlay-opacity":"","overlay-gradient":""}},"footnotes":""},"class_list":["post-2021","page","type-page","status-publish","has-post-thumbnail","hentry"],"aioseo_notices":[],"uagb_featured_image_src":{"full":["https:\/\/tty2000.site\/wp-content\/uploads\/2025\/05\/Blue-Retro-Workspace-Notion-Smore-Header-2-1.png",1260,700,false],"thumbnail":["https:\/\/tty2000.site\/wp-content\/uploads\/2025\/05\/Blue-Retro-Workspace-Notion-Smore-Header-2-1-150x150.png",150,150,true],"medium":["https:\/\/tty2000.site\/wp-content\/uploads\/2025\/05\/Blue-Retro-Workspace-Notion-Smore-Header-2-1-300x167.png",300,167,true],"medium_large":["https:\/\/tty2000.site\/wp-content\/uploads\/2025\/05\/Blue-Retro-Workspace-Notion-Smore-Header-2-1-768x427.png",768,427,true],"large":["https:\/\/tty2000.site\/wp-content\/uploads\/2025\/05\/Blue-Retro-Workspace-Notion-Smore-Header-2-1-1024x569.png",1024,569,true],"1536x1536":["https:\/\/tty2000.site\/wp-content\/uploads\/2025\/05\/Blue-Retro-Workspace-Notion-Smore-Header-2-1.png",1260,700,false],"2048x2048":["https:\/\/tty2000.site\/wp-content\/uploads\/2025\/05\/Blue-Retro-Workspace-Notion-Smore-Header-2-1.png",1260,700,false]},"uagb_author_info":{"display_name":"tty2000@tty2000.com.br","author_link":"https:\/\/tty2000.site\/es\/author\/tty2000tty2000-com-br\/"},"uagb_comment_info":0,"uagb_excerpt":"Your Attractive Heading Conectando ideas, transformando sistemas Casos Caso: Modernizaci\u00f3n automatizada de sistemas heredados en un banco de gran tama\u00f1o Caso:\u00a0C\u00f3mo TTY realiz\u00f3 la actualizaci\u00f3n de m\u00e1s de 7.300 componentes del parque tecnol\u00f3gico de un gran banco Caso:\u00a0C\u00f3mo TTY2000 realiz\u00f3 la migraci\u00f3n de los sistemas heredados de una gran aseguradora brasile\u00f1a del entorno IDMS a&hellip;","_links":{"self":[{"href":"https:\/\/tty2000.site\/es\/wp-json\/wp\/v2\/pages\/2021","targetHints":{"allow":["GET"]}}],"collection":[{"href":"https:\/\/tty2000.site\/es\/wp-json\/wp\/v2\/pages"}],"about":[{"href":"https:\/\/tty2000.site\/es\/wp-json\/wp\/v2\/types\/page"}],"author":[{"embeddable":true,"href":"https:\/\/tty2000.site\/es\/wp-json\/wp\/v2\/users\/1"}],"replies":[{"embeddable":true,"href":"https:\/\/tty2000.site\/es\/wp-json\/wp\/v2\/comments?post=2021"}],"version-history":[{"count":7,"href":"https:\/\/tty2000.site\/es\/wp-json\/wp\/v2\/pages\/2021\/revisions"}],"predecessor-version":[{"id":2068,"href":"https:\/\/tty2000.site\/es\/wp-json\/wp\/v2\/pages\/2021\/revisions\/2068"}],"wp:featuredmedia":[{"embeddable":true,"href":"https:\/\/tty2000.site\/es\/wp-json\/wp\/v2\/media\/1953"}],"wp:attachment":[{"href":"https:\/\/tty2000.site\/es\/wp-json\/wp\/v2\/media?parent=2021"}],"curies":[{"name":"wp","href":"https:\/\/api.w.org\/{rel}","templated":true}]}}